{"id":135,"date":"2012-11-20T21:19:34","date_gmt":"2012-11-20T21:19:34","guid":{"rendered":"http:\/\/www.ragnaroeek.de\/?page_id=135"},"modified":"2015-06-12T12:27:24","modified_gmt":"2015-06-12T12:27:24","slug":"cd-releases","status":"publish","type":"page","link":"http:\/\/ragnaroeek.de\/?page_id=135","title":{"rendered":"CD-Releases"},"content":{"rendered":"<table border=\"0\">\n<tbody>\n<tr>\n<td style=\"width: 250px;\" rowspan=\"11\"><img decoding=\"async\" loading=\"lazy\" src=\"http:\/\/www.ragnaroeek.de\/wp-content\/uploads\/2012\/11\/special_edition.jpg\" alt=\"Bild Special Edition\" width=\"250\" height=\"250\" \/><\/td>\n<td style=\"width: 200px;\"><strong>Special Edition <\/strong>Demo CD, 2006<\/td>\n<td style=\"width: 200px;\"><\/td>\n<\/tr>\n<tr>\n<td style=\"width: 200px;\">1. Spielmann<br \/>\n2. Totentanz<br \/>\n3. Knochenschiff (Live)<br \/>\n4. Tanz mit mir (Live)<\/td>\n<td style=\"width: 200px;\"><\/td>\n<\/tr>\n<tr>\n<td style=\"width: 200px;\"><\/td>\n<td style=\"width: 200px;\"><\/td>\n<\/tr>\n<tr>\n<td style=\"width: 200px;\"><\/td>\n<td style=\"width: 200px;\"><\/td>\n<\/tr>\n<tr>\n<td style=\"width: 200px;\"><\/td>\n<td style=\"width: 200px;\"><\/td>\n<\/tr>\n<tr>\n<td style=\"width: 200px;\"><\/td>\n<td style=\"width: 200px;\"><\/td>\n<\/tr>\n<tr>\n<td style=\"width: 200px;\"><\/td>\n<td style=\"width: 200px;\"><\/td>\n<\/tr>\n<tr>\n<td style=\"width: 200px;\"><\/td>\n<td style=\"width: 200px;\"><\/td>\n<\/tr>\n<tr>\n<td style=\"width: 200px;\"><\/td>\n<td style=\"width: 200px;\"><\/td>\n<\/tr>\n<tr>\n<td style=\"width: 200px;\"><\/td>\n<td style=\"width: 200px;\"><\/td>\n<\/tr>\n<tr>\n<td style=\"width: 200px;\"><\/td>\n<td style=\"width: 200px;\"><\/td>\n<\/tr>\n<tr>\n<td style=\"width: 250px;\"><\/td>\n<td style=\"width: 200px;\"><\/td>\n<td style=\"width: 200px;\"><\/td>\n<\/tr>\n<tr>\n<td style=\"width: 250px;\" rowspan=\"11\"><img decoding=\"async\" loading=\"lazy\" src=\"http:\/\/www.ragnaroeek.de\/wp-content\/uploads\/2012\/11\/cover-iron-age.jpg\" alt=\"cover iron-age\" width=\"250\" height=\"250\" \/><\/td>\n<td style=\"width: 200px;\"><strong>Iron Age Volume 1 <\/strong>CD, 2008<br \/>\nIron Age Records<br \/>\nTitel 8 K\u00fcss mich<\/td>\n<td style=\"width: 200px;\"><\/td>\n<\/tr>\n<tr>\n<td style=\"width: 200px;\"><\/td>\n<td style=\"width: 200px;\"><\/td>\n<\/tr>\n<tr>\n<td style=\"width: 200px;\"><\/td>\n<td style=\"width: 200px;\"><\/td>\n<\/tr>\n<tr>\n<td style=\"width: 200px;\"><\/td>\n<td style=\"width: 200px;\"><\/td>\n<\/tr>\n<tr>\n<td style=\"width: 200px;\"><\/td>\n<td style=\"width: 200px;\"><\/td>\n<\/tr>\n<tr>\n<td style=\"width: 200px;\"><\/td>\n<td style=\"width: 200px;\"><\/td>\n<\/tr>\n<tr>\n<td style=\"width: 200px;\"><\/td>\n<td style=\"width: 200px;\"><\/td>\n<\/tr>\n<tr>\n<td style=\"width: 200px;\"><\/td>\n<td style=\"width: 200px;\"><\/td>\n<\/tr>\n<tr>\n<td style=\"width: 200px;\"><\/td>\n<td style=\"width: 200px;\"><\/td>\n<\/tr>\n<tr>\n<td style=\"width: 200px;\"><\/td>\n<td style=\"width: 200px;\"><\/td>\n<\/tr>\n<tr>\n<td style=\"width: 200px;\"><\/td>\n<td style=\"width: 200px;\"><\/td>\n<\/tr>\n<tr>\n<td style=\"width: 250px;\"><\/td>\n<td style=\"width: 200px;\"><\/td>\n<td style=\"width: 200px;\"><\/td>\n<\/tr>\n<tr>\n<td style=\"width: 250px;\" rowspan=\"7\"><img decoding=\"async\" loading=\"lazy\" src=\"http:\/\/www.ragnaroeek.de\/wp-content\/uploads\/2012\/11\/rache.jpg\" alt=\"Bild CD Rache\" width=\"250\" height=\"247\" \/><\/td>\n<td style=\"width: 200px;\"><strong>Rache <\/strong>CD, 2009 Trollzorn Records<\/td>\n<td style=\"width: 200px;\"><\/td>\n<\/tr>\n<tr>\n<td style=\"width: 200px;\">01. Spielmann02. Rache<br \/>\n03. Meister R\u00f6ckle<br \/>\n04. Diener<br \/>\n05. Knochenschiff<br \/>\n06. Tanz Mit Mir<br \/>\n07. Fleisch<br \/>\n08. Feuertanz<br \/>\n09. Ragnar\u00f6ek<br \/>\n10. Totentanz<br \/>\n11. K\u00fcss Mich<\/td>\n<td style=\"width: 200px;\"><\/td>\n<\/tr>\n<tr>\n<td style=\"width: 200px;\"><\/td>\n<td style=\"width: 200px;\"><\/td>\n<\/tr>\n<tr>\n<td style=\"width: 200px;\"><\/td>\n<td style=\"width: 200px;\"><\/td>\n<\/tr>\n<tr>\n<td style=\"width: 200px;\"><\/td>\n<td style=\"width: 200px;\"><\/td>\n<\/tr>\n<tr>\n<td style=\"width: 200px;\"><\/td>\n<td style=\"width: 200px;\"><\/td>\n<\/tr>\n<tr>\n<td style=\"width: 200px;\"><\/td>\n<td style=\"width: 200px;\"><\/td>\n<\/tr>\n<tr>\n<td style=\"width: 250px;\" rowspan=\"11\"><img decoding=\"async\" loading=\"lazy\" src=\"http:\/\/www.ragnaroeek.de\/wp-content\/uploads\/2012\/11\/cover-mittelalterparty-vol2.jpg\" alt=\"cover-mittelalterparty-vol2\" width=\"250\" height=\"250\" \/><\/td>\n<td style=\"width: 200px;\"><strong>Mittelalterparty Vol.2<\/strong> CD, 2010 Banshee Records<br \/>\nTitel 6 Spielmann<\/td>\n<td style=\"width: 200px;\"><\/td>\n<\/tr>\n<tr>\n<td style=\"width: 200px;\"><\/td>\n<td style=\"width: 200px;\"><\/td>\n<\/tr>\n<tr>\n<td style=\"width: 200px;\"><\/td>\n<td style=\"width: 200px;\"><\/td>\n<\/tr>\n<tr>\n<td style=\"width: 200px;\"><\/td>\n<td style=\"width: 200px;\"><\/td>\n<\/tr>\n<tr>\n<td style=\"width: 200px;\"><\/td>\n<td style=\"width: 200px;\"><\/td>\n<\/tr>\n<tr>\n<td style=\"width: 200px;\"><\/td>\n<td style=\"width: 200px;\"><\/td>\n<\/tr>\n<tr>\n<td style=\"width: 200px;\"><\/td>\n<td style=\"width: 200px;\"><\/td>\n<\/tr>\n<tr>\n<td style=\"width: 200px;\"><\/td>\n<td style=\"width: 200px;\"><\/td>\n<\/tr>\n<tr>\n<td style=\"width: 200px;\"><\/td>\n<td style=\"width: 200px;\"><\/td>\n<\/tr>\n<tr>\n<td style=\"width: 200px;\"><\/td>\n<td style=\"width: 200px;\"><\/td>\n<\/tr>\n<tr>\n<td style=\"width: 200px;\"><\/td>\n<td style=\"width: 200px;\"><\/td>\n<\/tr>\n<tr>\n<td style=\"width: 250px;\"><\/td>\n<td style=\"width: 200px;\"><\/td>\n<td style=\"width: 200px;\"><\/td>\n<\/tr>\n<tr>\n<td style=\"width: 250px;\" rowspan=\"6\"><img decoding=\"async\" loading=\"lazy\" src=\"http:\/\/www.ragnaroeek.de\/wp-content\/uploads\/2012\/11\/cover-eiskalt-250.jpg\" alt=\"cover-eiskalt-250\" width=\"250\" height=\"248\" \/><\/td>\n<td style=\"width: 200px;\"><strong>Eiskalt <\/strong>CD, 2011 Trollzorn Records<\/td>\n<td style=\"width: 200px;\"><\/td>\n<\/tr>\n<tr>\n<td style=\"width: 200px;\">01. Eiskalt02. Wahrheitsfinder<br \/>\n03. Schlachtgebet<br \/>\n04. Mondenkind<br \/>\n05. Jagen<br \/>\n06. Wahnsinn<br \/>\n07. Lanze<br \/>\n08. Piratenbrut<br \/>\n09. Neid<br \/>\n10. Furchtlos<br \/>\n11. Meer<br \/>\n12. Electrowahn<\/td>\n<td style=\"width: 200px;\"><\/td>\n<\/tr>\n<tr>\n<td style=\"width: 200px;\"><\/td>\n<td style=\"width: 200px;\"><\/td>\n<\/tr>\n<tr>\n<td style=\"width: 200px;\"><\/td>\n<td style=\"width: 200px;\"><\/td>\n<\/tr>\n<tr>\n<td style=\"width: 200px;\"><\/td>\n<td style=\"width: 200px;\"><\/td>\n<\/tr>\n<tr>\n<td style=\"width: 200px;\"><\/td>\n<td style=\"width: 200px;\"><\/td>\n<\/tr>\n<tr>\n<td style=\"width: 250px;\" rowspan=\"11\"><img decoding=\"async\" loading=\"lazy\" src=\"http:\/\/www.ragnaroeek.de\/wp-content\/uploads\/2012\/11\/mittelalterparty-4.jpg\" alt=\"cover-mittelalterparty-vol-4\" width=\"250\" height=\"250\" \/><\/td>\n<td style=\"width: 200px;\"><strong>Mittelalterparty Vol.4<\/strong> CD, 2010 Banshee Records<br \/>\nTitel 11 Eiskalt<\/td>\n<td style=\"width: 200px;\"><\/td>\n<\/tr>\n<tr>\n<td style=\"width: 200px;\"><\/td>\n<td style=\"width: 200px;\"><\/td>\n<\/tr>\n<tr>\n<td style=\"width: 200px;\"><\/td>\n<td style=\"width: 200px;\"><\/td>\n<\/tr>\n<tr>\n<td style=\"width: 200px;\"><\/td>\n<td style=\"width: 200px;\"><\/td>\n<\/tr>\n<tr>\n<td style=\"width: 200px;\"><\/td>\n<td style=\"width: 200px;\"><\/td>\n<\/tr>\n<tr>\n<td style=\"width: 200px;\"><\/td>\n<td style=\"width: 200px;\"><\/td>\n<\/tr>\n<tr>\n<td style=\"width: 200px;\"><\/td>\n<td style=\"width: 200px;\"><\/td>\n<\/tr>\n<tr>\n<td style=\"width: 200px;\"><\/td>\n<td style=\"width: 200px;\"><\/td>\n<\/tr>\n<tr>\n<td style=\"width: 200px;\"><\/td>\n<td style=\"width: 200px;\"><\/td>\n<\/tr>\n<tr>\n<td style=\"width: 200px;\"><\/td>\n<td style=\"width: 200px;\"><\/td>\n<\/tr>\n<tr>\n<td style=\"width: 200px;\"><\/td>\n<td style=\"width: 200px;\"><\/td>\n<\/tr>\n<tr>\n<td style=\"width: 250px;\" rowspan=\"11\"><img decoding=\"async\" loading=\"lazy\" class=\"\" src=\"http:\/\/www.ragnaroeek.de\/wp-content\/uploads\/2013\/03\/mummenschanz_vol2.jpg\" alt=\"cover_mummenschanz_vol2\" width=\"250\" height=\"250\" \/><\/td>\n<td style=\"width: 200px;\"><strong>Mummenschanz Vol. 2<\/strong> CD 2013<br \/>\nTitel 10 Piratenblut<\/td>\n<td style=\"width: 200px;\"><\/td>\n<\/tr>\n<tr>\n<td style=\"width: 200px;\"><\/td>\n<td style=\"width: 200px;\"><\/td>\n<\/tr>\n<tr>\n<td style=\"width: 200px;\"><\/td>\n<td style=\"width: 200px;\"><\/td>\n<\/tr>\n<tr>\n<td style=\"width: 200px;\"><\/td>\n<td style=\"width: 200px;\"><\/td>\n<\/tr>\n<tr>\n<td style=\"width: 200px;\"><\/td>\n<td style=\"width: 200px;\"><\/td>\n<\/tr>\n<tr>\n<td style=\"width: 200px;\"><\/td>\n<td style=\"width: 200px;\"><\/td>\n<\/tr>\n<tr>\n<td style=\"width: 200px;\"><\/td>\n<td style=\"width: 200px;\"><\/td>\n<\/tr>\n<tr>\n<td style=\"width: 200px;\"><\/td>\n<td style=\"width: 200px;\"><\/td>\n<\/tr>\n<tr>\n<td style=\"width: 200px;\"><\/td>\n<td style=\"width: 200px;\"><\/td>\n<\/tr>\n<tr>\n<td style=\"width: 200px;\"><\/td>\n<td style=\"width: 200px;\"><\/td>\n<\/tr>\n<tr>\n<td style=\"width: 200px;\"><\/td>\n<td style=\"width: 200px;\"><\/td>\n<\/tr>\n<\/tbody>\n<tbody>\n<tr>\n<td style=\"width: 250px;\" rowspan=\"7\"><a href=\"http:\/\/www.ragnaroeek.de\/wp-content\/uploads\/2012\/11\/Dornig.jpeg\"><img decoding=\"async\" loading=\"lazy\" class=\"alignnone  wp-image-675\" src=\"http:\/\/www.ragnaroeek.de\/wp-content\/uploads\/2012\/11\/Dornig.jpeg\" alt=\"Dornig\" width=\"250\" height=\"250\" srcset=\"http:\/\/ragnaroeek.de\/wp-content\/uploads\/2012\/11\/Dornig.jpeg 480w, http:\/\/ragnaroeek.de\/wp-content\/uploads\/2012\/11\/Dornig-150x150.jpeg 150w, http:\/\/ragnaroeek.de\/wp-content\/uploads\/2012\/11\/Dornig-300x300.jpeg 300w\" sizes=\"(max-width: 250px) 100vw, 250px\" \/><\/a><\/td>\n<td style=\"width: 200px;\"><strong>Dornig <\/strong>CD, 2015 Trollzorn Records<\/td>\n<td style=\"width: 200px;\"><\/td>\n<\/tr>\n<tr>\n<td style=\"width: 200px;\">01. Man(n) liebt Dich<br \/>\n02. Irrenhaus<br \/>\n03. Schach<br \/>\n04. Alles dreht sich<br \/>\n05. Mann<br \/>\n06. Schattengold<br \/>\n07. Seelenjagt<br \/>\n08. Herzlos<br \/>\n09. Dornig<br \/>\n10. Drei Wege<br \/>\n11. Hungrig<br \/>\n12. Trinkfest 5-4-3-2-1<br \/>\n13. Gevadder<br \/>\n14. Gevadder Remix (Bonus)<\/td>\n<td style=\"width: 200px;\"><\/td>\n<\/tr>\n<\/tbody>\n<\/table>\n<p>&nbsp;<\/p>\n<p>&nbsp;<\/p>\n","protected":false},"excerpt":{"rendered":"<p>Special Edition Demo CD, 2006 1. Spielmann 2. Totentanz 3. Knochenschiff (Live) 4. Tanz mit mir (Live) Iron Age Volume 1 CD, 2008 Iron Age Records Titel 8 K\u00fcss mich Rache CD, 2009 Trollzorn Records 01. Spielmann02. Rache 03. Meister R\u00f6ckle 04. Diener 05. Knochenschiff 06. Tanz Mit Mir 07. Fleisch 08. Feuertanz 09. Ragnar\u00f6ek [&hellip;]<\/p>\n","protected":false},"author":1,"featured_media":0,"parent":0,"menu_order":0,"comment_status":"closed","ping_status":"closed","template":"","meta":{"ngg_post_thumbnail":0},"_links":{"self":[{"href":"http:\/\/ragnaroeek.de\/index.php?rest_route=\/wp\/v2\/pages\/135"}],"collection":[{"href":"http:\/\/ragnaroeek.de\/index.php?rest_route=\/wp\/v2\/pages"}],"about":[{"href":"http:\/\/ragnaroeek.de\/index.php?rest_route=\/wp\/v2\/types\/page"}],"author":[{"embeddable":true,"href":"http:\/\/ragnaroeek.de\/index.php?rest_route=\/wp\/v2\/users\/1"}],"replies":[{"embeddable":true,"href":"http:\/\/ragnaroeek.de\/index.php?rest_route=%2Fwp%2Fv2%2Fcomments&post=135"}],"version-history":[{"count":23,"href":"http:\/\/ragnaroeek.de\/index.php?rest_route=\/wp\/v2\/pages\/135\/revisions"}],"predecessor-version":[{"id":676,"href":"http:\/\/ragnaroeek.de\/index.php?rest_route=\/wp\/v2\/pages\/135\/revisions\/676"}],"wp:attachment":[{"href":"http:\/\/ragnaroeek.de\/index.php?rest_route=%2Fwp%2Fv2%2Fmedia&parent=135"}],"curies":[{"name":"wp","href":"https:\/\/api.w.org\/{rel}","templated":true}]}}